{"id":582,"date":"2013-08-31T10:15:55","date_gmt":"2013-08-31T08:15:55","guid":{"rendered":"http:\/\/www.dkjrr.de\/?page_id=582"},"modified":"2013-08-31T10:38:33","modified_gmt":"2013-08-31T08:38:33","slug":"links","status":"publish","type":"page","link":"http:\/\/www.dkjrr.de\/?page_id=582","title":{"rendered":"Links"},"content":{"rendered":"\r\n\t\t<!-- start[WP Render Blogroll Links 2.1.7] -->\r\n\r\n\t\t<div class=\"linkcat\">\r\n\t\t\t<h2 class=\"linkcattitle\">Flugbuch<\/h2>\r\n\t\t\t<div id=\"catid15\">\r\n\t\t\t<ul class=\"xoxo blogroll\">\r\n\t\t\t\t<li class=\"brlink\"><a href=\"http:\/\/ktrax.kisstech.ch\/logbook\/?id=EDSV&#038;tz=0&#038;day=&#038;units=metric&#038;shorthand=true&#038;showtype=true&#038;fstatus=all\" target=\"_blank\">KTRAX Logbook EDSV (UTC)<\/a><\/li>\n\t\t\t\t<li class=\"brlink\"><a href=\"http:\/\/flightlog.glidernet.org\/\" target=\"_blank\">OGN Flight Log<\/a><\/li>\n\t\t\t\t<li class=\"brlink\"><a href=\"http:\/\/ktrax.kisstech.ch\/logbook\/?id=EDSP&#038;tz=0&#038;day=&#038;units=metric&#038;shorthand=true&#038;showtype=true&#038;fstatus=all&#038;ftype=all&#038;disp=cs&#038;showcrew=true\" target=\"_blank\">Startliste EDSP<\/a><\/li>\n\t\t\t\t<li class=\"brlink\"><a href=\"http:\/\/www.vereinsflieger.de\" target=\"_blank\">vereinsflieger.de<\/a><\/li>\n\r\n\t\t\t<\/ul>\r\n\t\t\t<\/div>\r\n\t\t<\/div>\r\n\r\n\t\t<div class=\"linkcat\">\r\n\t\t\t<h2 class=\"linkcattitle\">Hersteller<\/h2>\r\n\t\t\t<div id=\"catid10\">\r\n\t\t\t<ul class=\"xoxo blogroll\">\r\n\t\t\t\t<li class=\"brlink\"><a href=\"https:\/\/flarm.com\/de\/support\/firmware-aktualisierungen\/download-firmware\/\" title=\"Updates etc.\" target=\"_blank\">FLARM<\/a> Updates etc.<\/li>\n\t\t\t\t<li class=\"brlink\"><a href=\"http:\/\/www.imi-gliding.com\" title=\"Aufbauhilfen, Schleppstangen etc.\" target=\"_blank\">IMI Gliding<\/a> Aufbauhilfen, Schleppstangen etc.<\/li>\n\t\t\t\t<li class=\"brlink\"><a href=\"http:\/\/www.lxnav.com\/download\/\" title=\"neue Software f\u00fcr das LX 9000 (verXXX.lx9000)\" target=\"_blank\">Lxnav<\/a> neue Software f\u00fcr das LX 9000 (verXXX.lx9000)<\/li>\n\t\t\t\t<li class=\"brlink\"><a href=\"http:\/\/www.schempp-hirth.com\" title=\"Krebenstr. 25 73230 Kirchheim unter Teck; Tel: +49 7021 7298-0\" target=\"_blank\">Schempp Hirth<\/a> Krebenstr. 25 73230 Kirchheim unter Teck; Tel: +49 7021 7298-0<\/li>\n\r\n\t\t\t<\/ul>\r\n\t\t\t<\/div>\r\n\t\t<\/div>\r\n\r\n\t\t<div class=\"linkcat\">\r\n\t\t\t<h2 class=\"linkcattitle\">Luftr\u00e4ume<\/h2>\r\n\t\t\t<div id=\"catid20\">\r\n\t\t\t<ul class=\"xoxo blogroll\">\r\n\t\t\t\t<li class=\"brlink\"><a href=\"https:\/\/gliding.lxnav.com\/lxdownloads\/databases\/\" rel=\"me\" title=\"von LX-Nav (MMMM YYYY.asapt)\" target=\"_blank\">Luftraum (f\u00fcr LX9000)<\/a> von LX-Nav (MMMM YYYY.asapt)<\/li>\n\t\t\t\t<li class=\"brlink\"><a href=\"https:\/\/www.daec.de\/fachbereiche\/luftraum-flugbetrieb\/luftraumdaten\/\" title=\"Luftraumdaten vom DAEC\" target=\"_blank\">Luftraumdaten<\/a> Luftraumdaten vom DAEC<\/li>\n\r\n\t\t\t<\/ul>\r\n\t\t\t<\/div>\r\n\t\t<\/div>\r\n\r\n\t\t<div class=\"linkcat\">\r\n\t\t\t<h2 class=\"linkcattitle\">OGN<\/h2>\r\n\t\t\t<div id=\"catid13\">\r\n\t\t\t<ul class=\"xoxo blogroll\">\r\n\t\t\t\t<li class=\"brlink\"><a href=\"https:\/\/www.flarmnet.org\/accounts\/login\/\" title=\"(YYYYMMDD.fln)\" target=\"_blank\">FLARM net DB<\/a> (YYYYMMDD.fln)<\/li>\n\t\t\t\t<li class=\"brlink\"><a href=\"http:\/\/glidertracker.org\/#id=D-KJRR&#038;lat=0974500&#038;lon=6210000&#038;z=8&#038;nowelcome\">Glidertracker DKJRR<\/a><\/li>\n\t\t\t\t<li class=\"brlink\"><a href=\"http:\/\/glidertracker.org\/#lat=0995500&#038;lon=6198000&#038;z=13&#038;nowelcome\" target=\"_blank\">Glidertracker EDSP Platzrunde<\/a><\/li>\n\t\t\t\t<li class=\"brlink\"><a href=\"http:\/\/glidertracker.org\/#lat=0974500&#038;lon=6210000&#038;z=14&#038;nowelcome\" target=\"_blank\">Glidertracker EDSV Platzrunde<\/a><\/li>\n\t\t\t\t<li class=\"brlink\"><a href=\"http:\/\/glidertracker.org\/#lat=0974500&#038;lon=6210000&#038;z=8&#038;nowelcome\" target=\"_blank\">Glidertracker Radar S\u00fcdwesten<\/a><\/li>\n\t\t\t\t<li class=\"brlink\"><a href=\"http:\/\/glidertracker.org\/#lat=0974500&#038;lon=6210000&#038;z=14&#038;nowelcome&#038;lst=http:\/\/www.dkjrr.de\/FLARM_ID\/PoltringenMotor1.csv&#038;z=8&#038;nowelcome\" target=\"_blank\">Gliedertacker Poltringen Motorflugzeuge<\/a><\/li>\n\t\t\t\t<li class=\"brlink\"><a href=\"http:\/\/glidertracker.org\/#lat=0974500&#038;lon=6210000&#038;z=14&#038;nowelcome&#038;lst=http:\/\/www.dkjrr.de\/FLARM_ID\/FliegerWberg5.csv&#038;z=8&#038;nowelcome\" target=\"_blank\">Gliedertacker W\u00e4chtersberg Flugzeuge<\/a><\/li>\n\t\t\t\t<li class=\"brlink\"><a href=\"http:\/\/ktrax.kisstech.ch\/logbook\/?id=EDSV&#038;tz=0&#038;day=&#038;units=metric&#038;shorthand=true&#038;showtype=true&#038;fstatus=all\" target=\"_blank\">KTRAX Logbook EDSV (UTC)<\/a><\/li>\n\t\t\t\t<li class=\"brlink\"><a href=\"http:\/\/ktrax.kisstech.ch\/ktrax\/?c=48.6230,8.37529&#038;z=9&#038;airspace=openflightmaps&#038;units=metric&#038;thermals=on&#038;traffic=on\" target=\"_blank\">KTRAX SAR<\/a><\/li>\n\t\t\t\t<li class=\"brlink\"><a href=\"http:\/\/ktrax.kisstech.ch\/ktrax\/?c=48.6230,8.37529&#038;z=9&#038;airspace=openflightmaps&#038;units=metric&#038;thermals=on&#038;traffic=on&#038;wlist=D-KJRR,D-KWTR,D-KWAE&#038;blist_alpha=0.3\" target=\"_blank\">KTRAX: Wo ist D-KJRR; D-KWTR; D-KWAE?<\/a><\/li>\n\t\t\t\t<li class=\"brlink\"><a href=\"http:\/\/wiki.glidernet.org\/about\" target=\"_blank\">OGN<\/a><\/li>\n\t\t\t\t<li class=\"brlink\"><a href=\"http:\/\/flightlog.glidernet.org\/\" target=\"_blank\">OGN Flight Log<\/a><\/li>\n\t\t\t\t<li class=\"brlink\"><a href=\"https:\/\/github.com\/glidernet\/ogn-live\/issues\/50\" target=\"_blank\">OGN GitHub<\/a><\/li>\n\t\t\t\t<li class=\"brlink\"><a href=\"http:\/\/ognrange.onglide.com\/?#EDSV,max,all,48.6155_8.7545,9,#00990000:#009900ff,\" title=\"Zeigt die Empfangsst\u00e4rke des OGN Empf\u00e4ngers auf dem W\u00e4chtersberg\" target=\"_blank\">OGN Range Tool<\/a> Zeigt die Empfangsst\u00e4rke des OGN Empf\u00e4ngers auf dem W\u00e4chtersberg<\/li>\n\t\t\t\t<li class=\"brlink\"><a href=\"http:\/\/wiki.glidernet.org\/ddb-list\" title=\"Lister der im OGN registrierten Flugzeuge\" target=\"_blank\">OGN registered devices<\/a> Lister der im OGN registrierten Flugzeuge<\/li>\n\t\t\t\t<li class=\"brlink\"><a href=\"http:\/\/ognstats.ddns.net:8088\/~odroid\/ognstats.html\" target=\"_blank\">OGN Statistics<\/a><\/li>\n\t\t\t\t<li class=\"brlink\"><a href=\"http:\/\/ktrax.kisstech.ch\/logbook\/?id=EDSP&#038;tz=0&#038;day=&#038;units=metric&#038;shorthand=true&#038;showtype=true&#038;fstatus=all&#038;ftype=all&#038;disp=cs&#038;showcrew=true\" target=\"_blank\">Startliste EDSP<\/a><\/li>\n\r\n\t\t\t<\/ul>\r\n\t\t\t<\/div>\r\n\t\t<\/div>\r\n\r\n\t\t<div class=\"linkcat\">\r\n\t\t\t<h2 class=\"linkcattitle\">SAR<\/h2>\r\n\t\t\t<div id=\"catid16\">\r\n\t\t\t<ul class=\"xoxo blogroll\">\r\n\t\t\t\t<li class=\"brlink\"><a href=\"http:\/\/ktrax.kisstech.ch\/ktrax\/?c=48.6230,8.37529&#038;z=9&#038;airspace=openflightmaps&#038;units=metric&#038;thermals=on&#038;traffic=on\" target=\"_blank\">KTRAX SAR<\/a><\/li>\n\t\t\t\t<li class=\"brlink\"><a href=\"http:\/\/ktrax.kisstech.ch\/ktrax\/?c=48.6230,8.37529&#038;z=9&#038;airspace=openflightmaps&#038;units=metric&#038;thermals=on&#038;traffic=on&#038;wlist=D-KJRR,D-KWTR,D-KWAE&#038;blist_alpha=0.3\" target=\"_blank\">KTRAX: Wo ist D-KJRR; D-KWTR; D-KWAE?<\/a><\/li>\n\r\n\t\t\t<\/ul>\r\n\t\t\t<\/div>\r\n\t\t<\/div>\r\n\r\n\t\t<div class=\"linkcat\">\r\n\t\t\t<h2 class=\"linkcattitle\">Streckenflug Ergebnisse<\/h2>\r\n\t\t\t<div id=\"catid8\">\r\n\t\t\t<ul class=\"xoxo blogroll\">\r\n\t\t\t\t<li class=\"brlink\"><a href=\"http:\/\/www.onlinecontest.org\/olc-2.0\/gliding\/flightsOfAirfield.html?c=C0&#038;sc=&#038;rt=olc&#038;aa=DECKE1&#038;st=olcp&#038;sp=2017\" target=\"_blank\">OLC Deckenpfronn 2017<\/a><\/li>\n\t\t\t\t<li class=\"brlink\"><a href=\"http:\/\/www.onlinecontest.org\/olc-2.0\/gliding\/flightsOfAirfield.html?c=C0&#038;sc=&#038;rt=olc&#038;aa=MUSBA1&#038;st=olcp&#038;sp=2017\" target=\"_blank\">OLC Musbach 2017<\/a><\/li>\n\t\t\t\t<li class=\"brlink\"><a href=\"http:\/\/www.onlinecontest.org\/olc-2.0\/gliding\/flightsOfAirfield.html?c=C0&#038;sc=&#038;rt=olc&#038;aa=SISTE1&#038;st=olcp&#038;sp=2017\" target=\"_blank\">OLC Sisteron 2017<\/a><\/li>\n\t\t\t\t<li class=\"brlink\"><a href=\"http:\/\/www.onlinecontest.org\/olc-2.0\/gliding\/flightsOfClub.html?c=C0&#038;sc=&#038;rt=olc&#038;st=olcp&#038;cc=468&#038;sp=2017\" target=\"_blank\">OLC W\u00e4chtersberg 2017<\/a><\/li>\n\t\t\t\t<li class=\"brlink\"><a href=\"http:\/\/www.onlinecontest.org\/olc-2.0\/gliding\/flightsOfAirfield.html?aa=WINZE1&#038;sc=&#038;st=olcp&#038;rt=olc&#038;c=C0&#038;sp=2017\" target=\"_blank\">OLC Winzel 2017<\/a><\/li>\n\r\n\t\t\t<\/ul>\r\n\t\t\t<\/div>\r\n\t\t<\/div>\r\n\r\n\t\t<div class=\"linkcat\">\r\n\t\t\t<h2 class=\"linkcattitle\">Streckenflug Planung<\/h2>\r\n\t\t\t<div id=\"catid7\">\r\n\t\t\t<ul class=\"xoxo blogroll\">\r\n\t\t\t\t<li class=\"brlink\"><a href=\"http:\/\/www.flugwetter.de\/chartsga\/segelflug\/jtt.htm\" target=\"_blank\">Java Top Task<\/a><\/li>\n\t\t\t\t<li class=\"brlink\"><a href=\"http:\/\/prosoar.de\" title=\"Task f\u00fcr Streckenflug planen\" target=\"_blank\">prosoar<\/a> Task f\u00fcr Streckenflug planen<\/li>\n\t\t\t\t<li class=\"brlink\"><a href=\"https:\/\/www.ventusky.com\/?p=48.6;8.8;5&#038;l=wind-850hpa&#038;t=20170325\/12\" target=\"_blank\">Ventusky<\/a><\/li>\n\t\t\t\t<li class=\"brlink\"><a href=\"https:\/\/xcplanner.appspot.com\/\" title=\"FAI Dreiecke etc.\" target=\"_blank\">XC Planner<\/a> FAI Dreiecke etc.<\/li>\n\r\n\t\t\t<\/ul>\r\n\t\t\t<\/div>\r\n\t\t<\/div>\r\n\r\n\t\t<div class=\"linkcat\">\r\n\t\t\t<h2 class=\"linkcattitle\">Unfallberichte etc.<\/h2>\r\n\t\t\t<div id=\"catid9\">\r\n\t\t\t<ul class=\"xoxo blogroll\">\r\n\t\t\t\t<li class=\"brlink\"><a href=\"https:\/\/www.bazl.admin.ch\/bazl\/de\/home\/fachleute\/luftfahrzeuge\/lufttuechtigkeitsanweisungen--lta-.html\" target=\"_blank\">LTA&#039;s (CH)<\/a><\/li>\n\t\t\t\t<li class=\"brlink\"><a href=\"http:\/\/ad.easa.europa.eu\/\" target=\"_blank\">LTA&#039;s (EASA)<\/a><\/li>\n\t\t\t\t<li class=\"brlink\"><a href=\"http:\/\/www2.lba.de\/LTAs\/\" target=\"_blank\">LTA&#039;s (LBA)<\/a><\/li>\n\t\t\t\t<li class=\"brlink\"><a href=\"http:\/\/www.bfu-web.de\/DE\/Publikationen\/Untersuchungsberichte\/untersuchungsberichte_node.html\" target=\"_blank\">Unfallberichte (BFU)<\/a><\/li>\n\t\t\t\t<li class=\"brlink\"><a href=\"https:\/\/www.sust.admin.ch\/de\/sust-startseite\/\" title=\"Schweizerische Sicherheitsuntersuchungsstelle (Bahnen, Luftfahrzeuge und Schiffe)\" target=\"_blank\">Unfallberichte (SUST CH)<\/a> Schweizerische Sicherheitsuntersuchungsstelle (Bahnen, Luftfahrzeuge und Schiffe)<\/li>\n\r\n\t\t\t<\/ul>\r\n\t\t\t<\/div>\r\n\t\t<\/div>\r\n\r\n\t\t<div class=\"linkcat\">\r\n\t\t\t<h2 class=\"linkcattitle\">Wetter etc.<\/h2>\r\n\t\t\t<div id=\"catid6\">\r\n\t\t\t<ul class=\"xoxo blogroll\">\r\n\t\t\t\t<li class=\"brlink\"><a href=\"http:\/\/www.ph-b.ch\/meteo\/index.htm#gafor\" target=\"_blank\">GAFOR CH<\/a><\/li>\n\t\t\t\t<li class=\"brlink\"><a href=\"http:\/\/www.flugwetter.de\/gafor\/index.htm\" title=\"link ist tot\" target=\"_blank\">GAFOR DE<\/a> link ist tot<\/li>\n\t\t\t\t<li class=\"brlink\"><a href=\"http:\/\/www.alpenstreckenflug.de\/wetter.htm\" target=\"_blank\">Hoppi\u2019s Wetterlinks<\/a><\/li>\n\t\t\t\t<li class=\"brlink\"><a href=\"http:\/\/www.dwd.de\/DE\/fachnutzer\/luftfahrt\/teaser\/luftsportberichte\/luftsportberichte_node.html\" target=\"_blank\">Segelflugwetter BW<\/a><\/li>\n\t\t\t\t<li class=\"brlink\"><a href=\"https:\/\/skysight.io\/\" target=\"_blank\">skysight<\/a><\/li>\n\t\t\t\t<li class=\"brlink\"><a href=\"http:\/\/wp.fsvwaechtersberg.de\/webcam\/\" target=\"_blank\">Webcam FSV W\u00e4chtersberg (Ost)<\/a><\/li>\n\r\n\t\t\t<\/ul>\r\n\t\t\t<\/div>\r\n\t\t<\/div>\r\n\r\n\r\n\t\t<!-- end[WP Render Blogroll Links 2.1.7] -->\n<div class=\"sharedaddy sd-sharing-enabled\"><div class=\"robots-nocontent sd-block sd-social sd-social-icon-text sd-sharing\"><h3 class=\"sd-title\">Teilen mit:<\/h3><div class=\"sd-content\"><ul><li class=\"share-print\"><a rel=\"nofollow noopener noreferrer\" data-shared=\"\" class=\"share-print sd-button share-icon\" href=\"http:\/\/www.dkjrr.de\/?page_id=582\" target=\"_blank\" title=\"Klicken zum Ausdrucken\"><span>Drucken<\/span><\/a><\/li><li class=\"share-end\"><\/li><\/ul><\/div><\/div><\/div>","protected":false},"excerpt":{"rendered":"<div class=\"sharedaddy sd-sharing-enabled\"><div class=\"robots-nocontent sd-block sd-social sd-social-icon-text sd-sharing\"><h3 class=\"sd-title\">Teilen mit:<\/h3><div class=\"sd-content\"><ul><li class=\"share-print\"><a rel=\"nofollow noopener noreferrer\" data-shared=\"\" class=\"share-print sd-button share-icon\" href=\"http:\/\/www.dkjrr.de\/?page_id=582\" target=\"_blank\" title=\"Klicken zum Ausdrucken\"><span>Drucken<\/span><\/a><\/li><li class=\"share-end\"><\/li><\/ul><\/div><\/div><\/div>","protected":false},"author":2,"featured_media":0,"parent":21,"menu_order":0,"comment_status":"closed","ping_status":"closed","template":"","meta":{"spay_email":""},"jetpack_sharing_enabled":true,"jetpack_shortlink":"https:\/\/wp.me\/P2LriQ-9o","_links":{"self":[{"href":"http:\/\/www.dkjrr.de\/index.php?rest_route=\/wp\/v2\/pages\/582"}],"collection":[{"href":"http:\/\/www.dkjrr.de\/index.php?rest_route=\/wp\/v2\/pages"}],"about":[{"href":"http:\/\/www.dkjrr.de\/index.php?rest_route=\/wp\/v2\/types\/page"}],"author":[{"embeddable":true,"href":"http:\/\/www.dkjrr.de\/index.php?rest_route=\/wp\/v2\/users\/2"}],"replies":[{"embeddable":true,"href":"http:\/\/www.dkjrr.de\/index.php?rest_route=%2Fwp%2Fv2%2Fcomments&post=582"}],"version-history":[{"count":2,"href":"http:\/\/www.dkjrr.de\/index.php?rest_route=\/wp\/v2\/pages\/582\/revisions"}],"predecessor-version":[{"id":584,"href":"http:\/\/www.dkjrr.de\/index.php?rest_route=\/wp\/v2\/pages\/582\/revisions\/584"}],"up":[{"embeddable":true,"href":"http:\/\/www.dkjrr.de\/index.php?rest_route=\/wp\/v2\/pages\/21"}],"wp:attachment":[{"href":"http:\/\/www.dkjrr.de\/index.php?rest_route=%2Fwp%2Fv2%2Fmedia&parent=582"}],"curies":[{"name":"wp","href":"https:\/\/api.w.org\/{rel}","templated":true}]}}