{"id":295,"date":"2013-02-01T11:43:22","date_gmt":"2013-02-01T10:43:22","guid":{"rendered":"http:\/\/www.dkjrr.de\/?page_id=295"},"modified":"2013-02-01T11:48:32","modified_gmt":"2013-02-01T10:48:32","slug":"transpondertabelle","status":"publish","type":"page","link":"http:\/\/www.dkjrr.de\/?page_id=295","title":{"rendered":"Transpondertabelle"},"content":{"rendered":"\n<table id=\"tablepress-2\" class=\"tablepress tablepress-id-2\">\n<thead>\n<tr class=\"row-1 odd\">\n\t<th class=\"column-1\">#<\/th><th class=\"column-2\">Bild<\/th><th class=\"column-3\">Hersteller<\/th><th class=\"column-4\">Typ<\/th><th class=\"column-5\">Klasse<\/th><th class=\"column-6\">Preis<\/th><th class=\"column-7\">Gewicht<\/th><th class=\"column-8\">B x H x L<\/th><th class=\"column-9\">ADS-B out<\/th><th class=\"column-10\">Betriebsspannung:<\/th><th class=\"column-11\">Leistungsaufnahme<\/th><th class=\"column-12\">Ausgangsleistung<\/th><th class=\"column-13\">Alticoder<\/th><th class=\"column-14\">Minor Change<\/th>\n<\/tr>\n<\/thead>\n<tbody class=\"row-hover\">\n<tr class=\"row-2 even\">\n\t<td class=\"column-1\">1<\/td><td class=\"column-2\"><div id=\"attachment_605\" style=\"width: 160px\" class=\"wp-caption aligncenter\"><a href=\"http:\/\/www.dkjrr.de\/?attachment_id=605\" rel=\"attachment wp-att-605\"><img aria-describedby=\"caption-attachment-605\" src=\"https:\/\/i1.wp.com\/www.dkjrr.de\/wp-content\/uploads\/Transponder-Dittel-KTX2.png?resize=150%2C150\" alt=\"\" width=\"150\" height=\"150\" class=\"size-thumbnail wp-image-605\" data-recalc-dims=\"1\" \/><\/a><p id=\"caption-attachment-605\" class=\"wp-caption-text\">Transponder Dittel KTX2, Class 2<\/p><\/div><\/td><td class=\"column-3\">Dittel<\/td><td class=\"column-4\"><a href=\"http:\/\/dittel-avionik.de\/de\/ktx2\/\" target=\"_blank\">KTX2<\/a><br \/>\n<br \/>\n2013-10: z.Zt. noch keine EASA Zulassung (wegen Personalmangel bei der EASA), steht aber kurz bevor!<\/td><td class=\"column-5\">Class 2<\/td><td class=\"column-6\">Bei einer Abnahmne von 6  St.  KTX2  k\u00e4me der  Preis pro St\u00fcck auf  1.500,- \u20ac  inkl. Mwst.<\/td><td class=\"column-7\">0,36 kg<\/td><td class=\"column-8\">65 x 65 x 144 mm + Anschlu\u00dfstecker ca. 60 mm<\/td><td class=\"column-9\">ja (via RS-232)<\/td><td class=\"column-10\">9-36 V DC<\/td><td class=\"column-11\">0,11 A (ohne Abfragen)<br \/>\n0,27 A (z.B. Luftraum E)<br \/>\n0,75 A (z.B. Luftraum C)<\/td><td class=\"column-12\">250 W<\/td><td class=\"column-13\">integriert, max. 35.000 ft; 25 ft Schritte<\/td><td class=\"column-14\">macht Dittel<\/td>\n<\/tr>\n<tr class=\"row-3 odd\">\n\t<td class=\"column-1\">2<\/td><td class=\"column-2\"><div id=\"attachment_216\" style=\"width: 160px\" class=\"wp-caption alignnone\"><a href=\"http:\/\/www.dkjrr.de\/?attachment_id=216\" rel=\"attachment wp-att-216\"><img aria-describedby=\"caption-attachment-216\" src=\"https:\/\/i0.wp.com\/www.dkjrr.de\/wp-content\/uploads\/Transponder-TT21.png?resize=150%2C150\" alt=\"\" width=\"150\" height=\"150\" class=\"size-thumbnail wp-image-216\" data-recalc-dims=\"1\" \/><\/a><p id=\"caption-attachment-216\" class=\"wp-caption-text\">Transponder Trig TT21<\/p><\/div><\/td><td class=\"column-3\">Trig<\/td><td class=\"column-4\">TT21<\/td><td class=\"column-5\">Class 2<\/td><td class=\"column-6\">Der Preis liegt knapp unter  2.000,- \u20ac (incl.), Trig will aber nur \u00fcber das H\u00e4ndlernetz liefern. Es ist mit dem Preis bis jetzt nix zu machen f\u00fcr unsere Sammelbestellung.<\/td><td class=\"column-7\">0,45 kg<\/td><td class=\"column-8\">62 x 45 x 141 mm<br \/>\n64 x 45 x 45 mm (57mm Geh\u00e4use)<\/td><td class=\"column-9\">ja<\/td><td class=\"column-10\">9-33 V DC<\/td><td class=\"column-11\">0,15 A - 0,28 A<\/td><td class=\"column-12\">130 Watt<\/td><td class=\"column-13\">integriert, max. 15.000 ft<\/td><td class=\"column-14\">macht Trig<\/td>\n<\/tr>\n<tr class=\"row-4 even\">\n\t<td class=\"column-1\">3<\/td><td class=\"column-2\"><div id=\"attachment_164\" style=\"width: 160px\" class=\"wp-caption alignnone\"><a href=\"http:\/\/www.dkjrr.de\/?attachment_id=164\" rel=\"attachment wp-att-164\"><img aria-describedby=\"caption-attachment-164\" src=\"https:\/\/i1.wp.com\/www.dkjrr.de\/wp-content\/uploads\/Transponder-Mode-S-Garrecht-VT-01-UltraCompact.png?resize=150%2C150\" alt=\"\" width=\"150\" height=\"150\" class=\"size-thumbnail wp-image-164\" data-recalc-dims=\"1\" \/><\/a><p id=\"caption-attachment-164\" class=\"wp-caption-text\">Transponder Mode-S Garrecht VT-01 UltraCompact<\/p><\/div><\/td><td class=\"column-3\">Garrecht<\/td><td class=\"column-4\">VT01 UltraCompact<\/td><td class=\"column-5\">Class 2<\/td><td class=\"column-6\">2.099,- \u20ac<br \/>\nGarrecht (Butterfly Vertrieb) zeigt auch wenig Interesse an einem Aktionspreis f\u00fcr unsere Sammelbestellung.<\/td><td class=\"column-7\">0,57 kg<\/td><td class=\"column-8\">61,5 x 61,5 x 170 mm (57mm Geh\u00e4use)<\/td><td class=\"column-9\">ja (via RS-232; Direct-GPS NMEA Interface)<\/td><td class=\"column-10\">10-32 V DC<\/td><td class=\"column-11\">0,25 A - 0,45 A<\/td><td class=\"column-12\">170 Watt<\/td><td class=\"column-13\">integriert, 100 ft oder 25 ft, Aufl\u00f6sung einstellbar, max. 40.000 ft<\/td><td class=\"column-14\"><\/td>\n<\/tr>\n<tr class=\"row-5 odd\">\n\t<td class=\"column-1\">4<\/td><td class=\"column-2\"><div id=\"attachment_167\" style=\"width: 160px\" class=\"wp-caption alignnone\"><a href=\"http:\/\/www.dkjrr.de\/?attachment_id=167\" rel=\"attachment wp-att-167\"><img aria-describedby=\"caption-attachment-167\" src=\"https:\/\/i1.wp.com\/www.dkjrr.de\/wp-content\/uploads\/Transponder-Mode-S-Garrecht-VT-01.png?resize=150%2C150\" alt=\"\" width=\"150\" height=\"150\" class=\"size-thumbnail wp-image-167\" data-recalc-dims=\"1\" \/><\/a><p id=\"caption-attachment-167\" class=\"wp-caption-text\">Transponder Mode-S Garrecht VT-01<\/p><\/div><\/td><td class=\"column-3\">Garrecht<\/td><td class=\"column-4\">VT01<\/td><td class=\"column-5\">Class 2<\/td><td class=\"column-6\">2.249,- \u20ac<\/td><td class=\"column-7\">0,8 kg<\/td><td class=\"column-8\">65 x 65 x 170 mm<\/td><td class=\"column-9\">ja (via RS-232; Direct-GPS NMEA Interface)<\/td><td class=\"column-10\">10-32 V DC<\/td><td class=\"column-11\">0,25 A - 0,45 A<\/td><td class=\"column-12\">170 Watt<\/td><td class=\"column-13\">integriert, 100 ft oder 25 ft, Aufl\u00f6sung einstellbar, max. 40.000 ft<\/td><td class=\"column-14\"><\/td>\n<\/tr>\n<tr class=\"row-6 even\">\n\t<td class=\"column-1\">5<\/td><td class=\"column-2\"><a href=\"http:\/\/www.dkjrr.de\/?attachment_id=177\" rel=\"attachment wp-att-177\"><img src=\"https:\/\/i0.wp.com\/www.dkjrr.de\/wp-content\/uploads\/Transponder-Mode-S-Funkwerk-TRT-800H-OLED.jpg?resize=150%2C150\" alt=\"\" width=\"150\" height=\"150\" class=\"alignnone size-thumbnail wp-image-177\" data-recalc-dims=\"1\" \/><\/a><\/td><td class=\"column-3\">Funkwerk<\/td><td class=\"column-4\">TRT 800H OLED<\/td><td class=\"column-5\">Class 1<\/td><td class=\"column-6\">2.399,- \u20ac<\/td><td class=\"column-7\">0,7 kg<\/td><td class=\"column-8\">65 x 65 x 170 (57mm Geh\u00e4use)<\/td><td class=\"column-9\">ja (via RS-232)<\/td><td class=\"column-10\">11-16 V DC<\/td><td class=\"column-11\">0,2 A - 0,65 A<\/td><td class=\"column-12\">125 Watt<\/td><td class=\"column-13\">integriert, 25 ft Schritte, max 35.000 ft<\/td><td class=\"column-14\"><\/td>\n<\/tr>\n<tr class=\"row-7 odd\">\n\t<td class=\"column-1\">6<\/td><td class=\"column-2\"><div id=\"attachment_174\" style=\"width: 160px\" class=\"wp-caption alignnone\"><a href=\"http:\/\/www.dkjrr.de\/?attachment_id=174\" rel=\"attachment wp-att-174\"><img aria-describedby=\"caption-attachment-174\" src=\"https:\/\/i2.wp.com\/www.dkjrr.de\/wp-content\/uploads\/Transponder-Mode-S-Becker-BXP-6401-2.jpg?resize=150%2C150\" alt=\"\" width=\"150\" height=\"150\" class=\"size-thumbnail wp-image-174\" data-recalc-dims=\"1\" \/><\/a><p id=\"caption-attachment-174\" class=\"wp-caption-text\">Transponder Mode-S Becker BXP 6401-2<\/p><\/div><\/td><td class=\"column-3\">Becker<\/td><td class=\"column-4\">BXP 6401-2<\/td><td class=\"column-5\">Class 2<\/td><td class=\"column-6\">2.368,- \u20ac<br \/>\nF\u00fcr die H\u00f6henbermittlung ist ein zus\u00e4tzlicher Blind-Encoder notwendig 236,- \u20ac<\/td><td class=\"column-7\">0,725 kg<\/td><td class=\"column-8\">61,3 x 61,3 x 205 mm<\/td><td class=\"column-9\">ja (via RS-232)<\/td><td class=\"column-10\">10-33 V DC<\/td><td class=\"column-11\">???<\/td><td class=\"column-12\">150 Watt<\/td><td class=\"column-13\">extern, 100 ft Schritte, max 20.000 ft. 236,- \u20ac<\/td><td class=\"column-14\"><\/td>\n<\/tr>\n<tr class=\"row-8 even\">\n\t<td class=\"column-1\">7<\/td><td class=\"column-2\"><a href=\"http:\/\/www.dkjrr.de\/?attachment_id=179\" rel=\"attachment wp-att-179\"><img src=\"https:\/\/i2.wp.com\/www.dkjrr.de\/wp-content\/uploads\/Transponder-Mode-S-Becker-BXP-6402-2-+-Bedienteil-CU-6401-1.png?resize=150%2C150\" alt=\"\" width=\"150\" height=\"150\" class=\"alignnone size-thumbnail wp-image-179\" data-recalc-dims=\"1\" \/><\/a><\/td><td class=\"column-3\">Becker<\/td><td class=\"column-4\">BXP 6402-2<\/td><td class=\"column-5\">Class 2<\/td><td class=\"column-6\">3.383,- \u20ac<br \/>\nF\u00fcr die H\u00f6henbermittlung ist ein zus\u00e4tzlicher Blind-Encoder notwendig 236,- \u20ac<\/td><td class=\"column-7\">0,725 kg<\/td><td class=\"column-8\">61,3 x 61,3 x 205 mm (57mm Geh\u00e4use)<\/td><td class=\"column-9\">ja (via RS-232)<\/td><td class=\"column-10\">10-33 V DC<\/td><td class=\"column-11\">???<\/td><td class=\"column-12\">150 Watt<\/td><td class=\"column-13\">extern, 100 ft Schritte, max ??? ft. 236,- \u20ac<\/td><td class=\"column-14\"><\/td>\n<\/tr>\n<tr class=\"row-9 odd\">\n\t<td class=\"column-1\">8<\/td><td class=\"column-2\"><a href=\"http:\/\/www.dkjrr.de\/?attachment_id=642\" rel=\"attachment wp-att-642\"><img src=\"https:\/\/i1.wp.com\/www.dkjrr.de\/wp-content\/uploads\/STX-165-Mode-C-Transponder.jpg?resize=150%2C150\" alt=\"\" width=\"150\" height=\"150\" class=\"aligncenter size-thumbnail wp-image-642\" data-recalc-dims=\"1\" \/><\/a><\/td><td class=\"column-3\">Sandia aerospace<\/td><td class=\"column-4\">STX-165<\/td><td class=\"column-5\"><\/td><td class=\"column-6\">1.700,- $ US<\/td><td class=\"column-7\">0,590 kg<\/td><td class=\"column-8\">45,2 x 88,9 x 186,4 mm (3\" Geh\u00e4use)<\/td><td class=\"column-9\">nein<\/td><td class=\"column-10\">11-32 V DC<\/td><td class=\"column-11\">0,85 A<\/td><td class=\"column-12\">200 Watt<\/td><td class=\"column-13\">integriert<\/td><td class=\"column-14\"><\/td>\n<\/tr>\n<\/tbody>\n<\/table>\n<!-- #tablepress-2 from cache -->\n<div class=\"sharedaddy sd-sharing-enabled\"><div class=\"robots-nocontent sd-block sd-social sd-social-icon-text sd-sharing\"><h3 class=\"sd-title\">Teilen mit:<\/h3><div class=\"sd-content\"><ul><li class=\"share-print\"><a rel=\"nofollow noopener noreferrer\" data-shared=\"\" class=\"share-print sd-button share-icon\" href=\"http:\/\/www.dkjrr.de\/?page_id=295\" target=\"_blank\" title=\"Klicken zum Ausdrucken\"><span>Drucken<\/span><\/a><\/li><li class=\"share-end\"><\/li><\/ul><\/div><\/div><\/div>","protected":false},"excerpt":{"rendered":"<div class=\"sharedaddy sd-sharing-enabled\"><div class=\"robots-nocontent sd-block sd-social sd-social-icon-text sd-sharing\"><h3 class=\"sd-title\">Teilen mit:<\/h3><div class=\"sd-content\"><ul><li class=\"share-print\"><a rel=\"nofollow noopener noreferrer\" data-shared=\"\" class=\"share-print sd-button share-icon\" href=\"http:\/\/www.dkjrr.de\/?page_id=295\" target=\"_blank\" title=\"Klicken zum Ausdrucken\"><span>Drucken<\/span><\/a><\/li><li class=\"share-end\"><\/li><\/ul><\/div><\/div><\/div>","protected":false},"author":2,"featured_media":0,"parent":21,"menu_order":10,"comment_status":"closed","ping_status":"closed","template":"","meta":{"spay_email":""},"jetpack_sharing_enabled":true,"jetpack_shortlink":"https:\/\/wp.me\/P2LriQ-4L","_links":{"self":[{"href":"http:\/\/www.dkjrr.de\/index.php?rest_route=\/wp\/v2\/pages\/295"}],"collection":[{"href":"http:\/\/www.dkjrr.de\/index.php?rest_route=\/wp\/v2\/pages"}],"about":[{"href":"http:\/\/www.dkjrr.de\/index.php?rest_route=\/wp\/v2\/types\/page"}],"author":[{"embeddable":true,"href":"http:\/\/www.dkjrr.de\/index.php?rest_route=\/wp\/v2\/users\/2"}],"replies":[{"embeddable":true,"href":"http:\/\/www.dkjrr.de\/index.php?rest_route=%2Fwp%2Fv2%2Fcomments&post=295"}],"version-history":[{"count":3,"href":"http:\/\/www.dkjrr.de\/index.php?rest_route=\/wp\/v2\/pages\/295\/revisions"}],"predecessor-version":[{"id":300,"href":"http:\/\/www.dkjrr.de\/index.php?rest_route=\/wp\/v2\/pages\/295\/revisions\/300"}],"up":[{"embeddable":true,"href":"http:\/\/www.dkjrr.de\/index.php?rest_route=\/wp\/v2\/pages\/21"}],"wp:attachment":[{"href":"http:\/\/www.dkjrr.de\/index.php?rest_route=%2Fwp%2Fv2%2Fmedia&parent=295"}],"curies":[{"name":"wp","href":"https:\/\/api.w.org\/{rel}","templated":true}]}}